{"id":2992,"date":"2021-06-23T11:39:22","date_gmt":"2021-06-23T10:39:22","guid":{"rendered":"https:\/\/a-vi-molin.be\/?page_id=2992"},"modified":"2023-01-04T12:58:33","modified_gmt":"2023-01-04T11:58:33","slug":"histoire","status":"publish","type":"page","link":"https:\/\/a-vi-molin.be\/en\/history\/","title":{"rendered":"History"},"content":{"rendered":"<div data-elementor-type=\"wp-post\" data-elementor-id=\"2992\" class=\"elementor elementor-2992\" data-elementor-post-type=\"page\">\n\t\t\t\t\t\t<section class=\"elementor-section elementor-top-section elementor-element elementor-element-26aeaa72 elementor-section-stretched elementor-section-full_width elementor-section-height-default elementor-section-height-default\" data-id=\"26aeaa72\" data-element_type=\"section\" data-settings=\"{&quot;stretch_section&quot;:&quot;section-stretched&quot;,&quot;background_background&quot;:&quot;classic&quot;}\">\n\t\t\t\t\t\t<div class=\"elementor-container elementor-column-gap-default\">\n\t\t\t\t\t<div class=\"elementor-column elementor-col-100 elementor-top-column elementor-element elementor-element-697dc398\" data-id=\"697dc398\" data-element_type=\"column\">\n\t\t\t<div class=\"elementor-widget-wrap elementor-element-populated\">\n\t\t\t\t\t\t<div class=\"elementor-element elementor-element-5fe5b05e elementor-widget elementor-widget-spacer\" data-id=\"5fe5b05e\" data-element_type=\"widget\" data-widget_type=\"spacer.default\">\n\t\t\t\t<div class=\"elementor-widget-container\">\n\t\t\t\t\t\t\t<div class=\"elementor-spacer\">\n\t\t\t<div class=\"elementor-spacer-inner\"><\/div>\n\t\t<\/div>\n\t\t\t\t\t\t<\/div>\n\t\t\t\t<\/div>\n\t\t\t\t\t<\/div>\n\t\t<\/div>\n\t\t\t\t\t<\/div>\n\t\t<\/section>\n\t\t\t\t<section class=\"elementor-section elementor-top-section elementor-element elementor-element-39f269a elementor-section-stretched elementor-section-boxed elementor-section-height-default elementor-section-height-default\" data-id=\"39f269a\" data-element_type=\"section\" data-settings=\"{&quot;stretch_section&quot;:&quot;section-stretched&quot;}\">\n\t\t\t\t\t\t<div class=\"elementor-container elementor-column-gap-default\">\n\t\t\t\t\t<div class=\"elementor-column elementor-col-100 elementor-top-column elementor-element elementor-element-a97ebb3\" data-id=\"a97ebb3\" data-element_type=\"column\">\n\t\t\t<div class=\"elementor-widget-wrap elementor-element-populated\">\n\t\t\t\t\t\t<section class=\"elementor-section elementor-inner-section elementor-element elementor-element-417bc8c elementor-section-boxed elementor-section-height-default elementor-section-height-default\" data-id=\"417bc8c\" data-element_type=\"section\">\n\t\t\t\t\t\t<div class=\"elementor-container elementor-column-gap-default\">\n\t\t\t\t\t<div class=\"elementor-column elementor-col-100 elementor-inner-column elementor-element elementor-element-d4b3692\" data-id=\"d4b3692\" data-element_type=\"column\">\n\t\t\t<div class=\"elementor-widget-wrap elementor-element-populated\">\n\t\t\t\t\t\t<div class=\"elementor-element elementor-element-8ac8a08 elementor-invisible elementor-widget elementor-widget-heading\" data-id=\"8ac8a08\" data-element_type=\"widget\" data-settings=\"{&quot;_animation&quot;:&quot;fadeInUp&quot;}\" data-widget_type=\"heading.default\">\n\t\t\t\t<div class=\"elementor-widget-container\">\n\t\t\t\t\t<h1 class=\"elementor-heading-title elementor-size-default\">History<\/h1>\t\t\t\t<\/div>\n\t\t\t\t<\/div>\n\t\t\t\t<div class=\"elementor-element elementor-element-4c4ad7ac elementor-invisible elementor-widget elementor-widget-heading\" data-id=\"4c4ad7ac\" data-element_type=\"widget\" data-settings=\"{&quot;_animation&quot;:&quot;fadeInUp&quot;}\" data-widget_type=\"heading.default\">\n\t\t\t\t<div class=\"elementor-widget-container\">\n\t\t\t\t\t<span class=\"elementor-heading-title elementor-size-default\">The history of our mill<\/span>\t\t\t\t<\/div>\n\t\t\t\t<\/div>\n\t\t\t\t\t<\/div>\n\t\t<\/div>\n\t\t\t\t\t<\/div>\n\t\t<\/section>\n\t\t\t\t<section class=\"elementor-section elementor-inner-section elementor-element elementor-element-1437cd9 elementor-section-boxed elementor-section-height-default elementor-section-height-default\" data-id=\"1437cd9\" data-element_type=\"section\">\n\t\t\t\t\t\t<div class=\"elementor-container elementor-column-gap-default\">\n\t\t\t\t\t<div class=\"elementor-column elementor-col-100 elementor-inner-column elementor-element elementor-element-1268952\" data-id=\"1268952\" data-element_type=\"column\">\n\t\t\t<div class=\"elementor-widget-wrap elementor-element-populated\">\n\t\t\t\t\t\t<div class=\"elementor-element elementor-element-cb7aca4 elementor-widget-divider--view-line_icon elementor-view-default elementor-widget-divider--element-align-center elementor-invisible elementor-widget elementor-widget-divider\" data-id=\"cb7aca4\" data-element_type=\"widget\" data-settings=\"{&quot;_animation&quot;:&quot;fadeInUp&quot;}\" data-widget_type=\"divider.default\">\n\t\t\t\t<div class=\"elementor-widget-container\">\n\t\t\t\t\t\t\t<div class=\"elementor-divider\">\n\t\t\t<span class=\"elementor-divider-separator\">\n\t\t\t\t\t\t\t<div class=\"elementor-icon elementor-divider__element\">\n\t\t\t\t\t<i aria-hidden=\"true\" class=\"fas fa-leaf\"><\/i><\/div>\n\t\t\t\t\t\t<\/span>\n\t\t<\/div>\n\t\t\t\t\t\t<\/div>\n\t\t\t\t<\/div>\n\t\t\t\t<div class=\"elementor-element elementor-element-700d5e6 elementor-invisible elementor-widget elementor-widget-heading\" data-id=\"700d5e6\" data-element_type=\"widget\" data-settings=\"{&quot;_animation&quot;:&quot;fadeInUp&quot;}\" data-widget_type=\"heading.default\">\n\t\t\t\t<div class=\"elementor-widget-container\">\n\t\t\t\t\t<h2 class=\"elementor-heading-title elementor-size-default\">Discover the history of our property. <\/h2>\t\t\t\t<\/div>\n\t\t\t\t<\/div>\n\t\t\t\t\t<\/div>\n\t\t<\/div>\n\t\t\t\t\t<\/div>\n\t\t<\/section>\n\t\t\t\t\t<\/div>\n\t\t<\/div>\n\t\t\t\t\t<\/div>\n\t\t<\/section>\n\t\t\t\t<section class=\"elementor-section elementor-top-section elementor-element elementor-element-2ff2ee74 elementor-section-stretched elementor-section-boxed elementor-section-height-default elementor-section-height-default\" data-id=\"2ff2ee74\" data-element_type=\"section\" data-settings=\"{&quot;stretch_section&quot;:&quot;section-stretched&quot;,&quot;background_background&quot;:&quot;classic&quot;}\">\n\t\t\t\t\t\t\t<div class=\"elementor-background-overlay\"><\/div>\n\t\t\t\t\t\t\t<div class=\"elementor-container elementor-column-gap-default\">\n\t\t\t\t\t<div class=\"elementor-column elementor-col-100 elementor-top-column elementor-element elementor-element-23537555\" data-id=\"23537555\" data-element_type=\"column\">\n\t\t\t<div class=\"elementor-widget-wrap elementor-element-populated\">\n\t\t\t\t\t\t<section class=\"elementor-section elementor-inner-section elementor-element elementor-element-7634dd5c elementor-section-boxed elementor-section-height-default elementor-section-height-default\" data-id=\"7634dd5c\" data-element_type=\"section\">\n\t\t\t\t\t\t<div class=\"elementor-container elementor-column-gap-default\">\n\t\t\t\t\t<div class=\"elementor-column elementor-col-50 elementor-inner-column elementor-element elementor-element-2ec2d375\" data-id=\"2ec2d375\" data-element_type=\"column\" data-settings=\"{&quot;background_background&quot;:&quot;classic&quot;}\">\n\t\t\t<div class=\"elementor-widget-wrap elementor-element-populated\">\n\t\t\t\t\t\t<div class=\"elementor-element elementor-element-6090395 elementor-invisible elementor-widget elementor-widget-heading\" data-id=\"6090395\" data-element_type=\"widget\" data-settings=\"{&quot;_animation&quot;:&quot;fadeInUp&quot;}\" data-widget_type=\"heading.default\">\n\t\t\t\t<div class=\"elementor-widget-container\">\n\t\t\t\t\t<h2 class=\"elementor-heading-title elementor-size-default\">To you noble lords and ladies, servants and maids, brave travelers, greetings!<\/h2>\t\t\t\t<\/div>\n\t\t\t\t<\/div>\n\t\t\t\t<div class=\"elementor-element elementor-element-7390547 elementor-widget elementor-widget-text-editor\" data-id=\"7390547\" data-element_type=\"widget\" data-widget_type=\"text-editor.default\">\n\t\t\t\t<div class=\"elementor-widget-container\">\n\t\t\t\t\t\t\t\t\t<p>You have just crossed the doorstep of one of the oldest houses in Moulin du Ruy. \nFive centuries ago, in 1529, the mill is already mentioned, but it is not until 1561 that its owner, \"Johan du Grand Pr\u00e9, Moulnier\", is spoken of in the archives of the Ban de Roanne,\nThe archives of the Ban de Roanne, were kept within the walls of Stavelot Abbey. This Ban mill - i.e. a mill owned by the Ban de Roanne - was probably the most important and most frequented place in the village. \nAll the inhabitants, without exception, gathered here to have the grains of their harvest ground.\nIdeally situated on the Roannay, a small stream that flows down from Francorchamps and flows into the Amel. Initially powered by paddles, the mill was developed over the years.\nBeautiful rye and oat flour was ground in the mill. Bread was baked in the parlour.\nAs a stopover for many travelers, one could even rest and spend the night here.<\/p><p>The millers followed one after the other and each left his mark. Each brought his own enthusiasm and technical changes helped to improve the daily life of a whole village. Shortly after the First World War,\na turbine replaced the waterwheel and a generator and transformer provided\n electricity in almost all houses, farms and in the alleys. \nA large band saw also made it possible to cut trees from the forests that were destined for the construction of the surrounding farmhouses and stables.<span class=\"Apple-converted-space\">\u00a0<\/span><\/p><p>Pigs, sheep and poultry were slaughtered in the large hall - today the entrance hall. Occasionally a beautiful ox that had ended its life in the field or a cow was cut up, so the display of the butcher's shop was richly filled.<span class=\"Apple-converted-space\">\u00a0 <\/span>The miller appreciated the versatility of his activities!<span class=\"Apple-converted-space\">\u00a0<\/span><\/p><p>He made A V\u00ee Molin a place of meeting and exchange. People talked about everything and nothing, between two sacks of flour the wheel was reinvented.<span class=\"Apple-converted-space\">\u00a0<\/span><\/p><p>Based on this rough but authentic past, we want to continue the tradition, of hospitality and courtesy.\nWe would like to welcome our guests in an unmistakable nature that, if respected, offers peace and well-being in the rhythm of the seasons.<\/p>\t\t\t\t\t\t\t\t<\/div>\n\t\t\t\t<\/div>\n\t\t\t\t\t<\/div>\n\t\t<\/div>\n\t\t\t\t<div class=\"elementor-column elementor-col-50 elementor-inner-column elementor-element elementor-element-b4730a2\" data-id=\"b4730a2\" data-element_type=\"column\" data-settings=\"{&quot;background_background&quot;:&quot;classic&quot;}\">\n\t\t\t<div class=\"elementor-widget-wrap elementor-element-populated\">\n\t\t\t\t\t\t<div class=\"elementor-element elementor-element-10c50a6 elementor-widget elementor-widget-image\" data-id=\"10c50a6\" data-element_type=\"widget\" data-widget_type=\"image.default\">\n\t\t\t\t<div class=\"elementor-widget-container\">\n\t\t\t\t\t\t\t\t\t\t\t\t\t\t\t<img fetchpriority=\"high\" decoding=\"async\" width=\"800\" height=\"438\" src=\"https:\/\/a-vi-molin.be\/wp-content\/uploads\/2021\/07\/Screenshot-2021-07-02-at-12.46.48-1024x561.png\" class=\"attachment-large size-large wp-image-3312\" alt=\"History\" srcset=\"https:\/\/a-vi-molin.be\/wp-content\/uploads\/2021\/07\/Screenshot-2021-07-02-at-12.46.48-1024x561.png 1024w, https:\/\/a-vi-molin.be\/wp-content\/uploads\/2021\/07\/Screenshot-2021-07-02-at-12.46.48-300x164.png 300w, https:\/\/a-vi-molin.be\/wp-content\/uploads\/2021\/07\/Screenshot-2021-07-02-at-12.46.48-768x421.png 768w, https:\/\/a-vi-molin.be\/wp-content\/uploads\/2021\/07\/Screenshot-2021-07-02-at-12.46.48-600x329.png 600w, https:\/\/a-vi-molin.be\/wp-content\/uploads\/2021\/07\/Screenshot-2021-07-02-at-12.46.48.png 1296w\" sizes=\"(max-width: 800px) 100vw, 800px\" \/>\t\t\t\t\t\t\t\t\t\t\t\t\t\t\t<\/div>\n\t\t\t\t<\/div>\n\t\t\t\t<div class=\"elementor-element elementor-element-805db34 elementor-widget elementor-widget-image\" data-id=\"805db34\" data-element_type=\"widget\" data-widget_type=\"image.default\">\n\t\t\t\t<div class=\"elementor-widget-container\">\n\t\t\t\t\t\t\t\t\t\t\t\t\t\t\t<img decoding=\"async\" width=\"800\" height=\"534\" src=\"https:\/\/a-vi-molin.be\/wp-content\/uploads\/2021\/07\/Garten-8-1024x683.jpg\" class=\"attachment-large size-large wp-image-3309\" alt=\"History\" srcset=\"https:\/\/a-vi-molin.be\/wp-content\/uploads\/2021\/07\/Garten-8-1024x683.jpg 1024w, https:\/\/a-vi-molin.be\/wp-content\/uploads\/2021\/07\/Garten-8-300x200.jpg 300w, https:\/\/a-vi-molin.be\/wp-content\/uploads\/2021\/07\/Garten-8-768x512.jpg 768w, https:\/\/a-vi-molin.be\/wp-content\/uploads\/2021\/07\/Garten-8-1536x1024.jpg 1536w, https:\/\/a-vi-molin.be\/wp-content\/uploads\/2021\/07\/Garten-8-2048x1365.jpg 2048w, https:\/\/a-vi-molin.be\/wp-content\/uploads\/2021\/07\/Garten-8-600x400.jpg 600w\" sizes=\"(max-width: 800px) 100vw, 800px\" \/>\t\t\t\t\t\t\t\t\t\t\t\t\t\t\t<\/div>\n\t\t\t\t<\/div>\n\t\t\t\t<div class=\"elementor-element elementor-element-c974468 elementor-widget elementor-widget-image\" data-id=\"c974468\" data-element_type=\"widget\" data-widget_type=\"image.default\">\n\t\t\t\t<div class=\"elementor-widget-container\">\n\t\t\t\t\t\t\t\t\t\t\t\t\t\t\t<img decoding=\"async\" width=\"571\" height=\"357\" src=\"https:\/\/a-vi-molin.be\/wp-content\/uploads\/2021\/07\/Capture-decran-2021-03-29-211945.png\" class=\"attachment-large size-large wp-image-3310\" alt=\"History\" srcset=\"https:\/\/a-vi-molin.be\/wp-content\/uploads\/2021\/07\/Capture-decran-2021-03-29-211945.png 571w, https:\/\/a-vi-molin.be\/wp-content\/uploads\/2021\/07\/Capture-decran-2021-03-29-211945-300x188.png 300w\" sizes=\"(max-width: 571px) 100vw, 571px\" \/>\t\t\t\t\t\t\t\t\t\t\t\t\t\t\t<\/div>\n\t\t\t\t<\/div>\n\t\t\t\t<div class=\"elementor-element elementor-element-4c5d279 elementor-widget elementor-widget-image\" data-id=\"4c5d279\" data-element_type=\"widget\" data-widget_type=\"image.default\">\n\t\t\t\t<div class=\"elementor-widget-container\">\n\t\t\t\t\t\t\t\t\t\t\t\t\t\t\t<img loading=\"lazy\" decoding=\"async\" width=\"575\" height=\"419\" src=\"https:\/\/a-vi-molin.be\/wp-content\/uploads\/2021\/07\/Capture-decran-photo-moulin.png\" class=\"attachment-large size-large wp-image-3311\" alt=\"History\" srcset=\"https:\/\/a-vi-molin.be\/wp-content\/uploads\/2021\/07\/Capture-decran-photo-moulin.png 575w, https:\/\/a-vi-molin.be\/wp-content\/uploads\/2021\/07\/Capture-decran-photo-moulin-300x219.png 300w\" sizes=\"(max-width: 575px) 100vw, 575px\" \/>\t\t\t\t\t\t\t\t\t\t\t\t\t\t\t<\/div>\n\t\t\t\t<\/div>\n\t\t\t\t\t<\/div>\n\t\t<\/div>\n\t\t\t\t\t<\/div>\n\t\t<\/section>\n\t\t\t\t<section class=\"elementor-section elementor-inner-section elementor-element elementor-element-46a11bf elementor-section-boxed elementor-section-height-default elementor-section-height-default\" data-id=\"46a11bf\" data-element_type=\"section\">\n\t\t\t\t\t\t<div class=\"elementor-container elementor-column-gap-default\">\n\t\t\t\t\t<div class=\"elementor-column elementor-col-100 elementor-inner-column elementor-element elementor-element-f2c796c\" data-id=\"f2c796c\" data-element_type=\"column\" data-settings=\"{&quot;background_background&quot;:&quot;classic&quot;}\">\n\t\t\t<div class=\"elementor-widget-wrap elementor-element-populated\">\n\t\t\t\t\t\t<div class=\"elementor-element elementor-element-203ad63 elementor-invisible elementor-widget elementor-widget-heading\" data-id=\"203ad63\" data-element_type=\"widget\" data-settings=\"{&quot;_animation&quot;:&quot;fadeInUp&quot;}\" data-widget_type=\"heading.default\">\n\t\t\t\t<div class=\"elementor-widget-container\">\n\t\t\t\t\t<h3 class=\"elementor-heading-title elementor-size-default\">To welcome you, we offer three rooms. <\/h3>\t\t\t\t<\/div>\n\t\t\t\t<\/div>\n\t\t\t\t<div class=\"elementor-element elementor-element-2a15684 elementor-widget elementor-widget-text-editor\" data-id=\"2a15684\" data-element_type=\"widget\" data-widget_type=\"text-editor.default\">\n\t\t\t\t<div class=\"elementor-widget-container\">\n\t\t\t\t\t\t\t\t\t<p>The first is the room of <b><i>\u00ab\u00a0Catherine, relicte de Hubert de Cour\u00a0\u00bb <\/i><\/b>also \"\u00e0\nlu ptite fini\u00e8sse\". Like the lady who<span class=\"Apple-converted-space\">\u00a0 <\/span>lived here, it is modest and has a soothing naturalness.\nThrough the small window in the thick quarry stone wall, the morning sun will tickle you out of sleep and invite you for a walk.<\/p><p>The second room is by<span class=\"Apple-converted-space\">\u00a0 <\/span><b><i>and can accommodate a family of four.\n It consists of a large room with a double bed and a smaller room with two comfortable sofa beds.\nIt is possible to add a baby crib.<\/i><\/b> et peut h\u00e9berger une famille de quatre personnes. Elle se compose d&rsquo;une grande chambre avec son lit double et d&rsquo;une plus petite avec deux couchages et la possibilit\u00e9 d&rsquo;y joindre un lit d&rsquo;enfant.<span class=\"Apple-converted-space\">\u00a0<\/span><\/p><p>The third room is dedicated to <b><i>\u00ab\u00a0Martin et Franchoy\u00a0\u00bb<\/i><\/b> the two miller's sons.\nThey say that both of them have their heads in the stars. They even removed individual roof tiles to be able to observe the Milky Way. We have kept the skylight and enlarged it a little so that you too can reach for the stars.<span class=\"Apple-converted-space\">\u00a0<\/span><\/p><p>A private, comfortable bathroom completes each of the rooms.\nThe planks and straw sacks have given way to soft beds where you will find \n a well-deserved rest. Technology is also present, guaranteeing the link between feudalism and modern life.<\/p>\t\t\t\t\t\t\t\t<\/div>\n\t\t\t\t<\/div>\n\t\t\t\t<div class=\"elementor-element elementor-element-21f7cdc elementor-widget elementor-widget-text-editor\" data-id=\"21f7cdc\" data-element_type=\"widget\" data-widget_type=\"text-editor.default\">\n\t\t\t\t<div class=\"elementor-widget-container\">\n\t\t\t\t\t\t\t\t\t<p>V\u00ee Molin, as soon as the cock crows, all you have to do is go down the oak staircase and you are in the dining room.<span class=\"Apple-converted-space\">\u00a0<\/span><\/p><p>\"Good morning, please sit down!\" A breakfast is waiting for you. It consists of crispy fresh buns, regional products, cheese, cold cuts and delicious jams and much more!\nCoffee, tea or chocolate is served with it. Everything you need to have a good start to the day.\nWhether you want to rest or go for a hike, it's up to you.<\/p><p>If you decide to go on a bike tour, Michel will be happy to guide you through forests, valleys and streams on an electric mountain bike. The region and the surrounding countryside offer a wealth of routes for all calves, from the tenderest to the strongest.  Unplug and head out to enjoy the fresh air and wonders of nature.<\/p><p>If you prefer to stay on the property, you can relax in the whirlpool, under the large trees, shielded from the hustle and bustle of the city.<\/p><p>\"\u00c2 V\u00ee Molin\" seems to be away from any civilization, and at the same time so close to varied activities.\nWe would be happy to contribute to an enjoyable and invigorating stay at \"  V\u00ee Molin\"!<span class=\"Apple-converted-space\">\u00a0 \u00a0<\/span><\/p>\t\t\t\t\t\t\t\t<\/div>\n\t\t\t\t<\/div>\n\t\t\t\t\t<\/div>\n\t\t<\/div>\n\t\t\t\t\t<\/div>\n\t\t<\/section>\n\t\t\t\t\t<\/div>\n\t\t<\/div>\n\t\t\t\t\t<\/div>\n\t\t<\/section>\n\t\t\t\t<\/div>","protected":false},"excerpt":{"rendered":"<p>Histoire L&rsquo;histoire de notre moulin D\u00e9couvrez l&rsquo;histoire de notre b\u00e2timent. A vous Nobles Seigneurs et Gentes Dames, Manants, Valets, valeureux Voyageurs, Salut\u00a0! Vous venez de franchir le seuil d&rsquo;une des plus anciennes demeures de Moulin du Ruy. Il y a cinq si\u00e8cles, en 1529 on parle d\u00e9j\u00e0 du moulin mais c&rsquo;est en 1561 qu&rsquo;on trouve [&hellip;]<\/p>","protected":false},"author":2,"featured_media":0,"parent":0,"menu_order":0,"comment_status":"closed","ping_status":"closed","template":"elementor_header_footer","meta":{"footnotes":""},"class_list":["post-2992","page","type-page","status-publish","hentry"],"yoast_head":"<!-- This site is optimized with the Yoast SEO plugin v25.4 - https:\/\/yoast.com\/wordpress\/plugins\/seo\/ -->\n<title>Histoire | Chambres d&#039;h\u00f4te \u00c0 v\u00ef Molin<\/title>\n<meta name=\"description\" content=\"D\u00e9couvrez l&#039;histoire de notre logement \u00c0 v\u00ef Molin en r\u00e9gion \u00e0 Spa-Francorchamps.\" \/>\n<meta name=\"robots\" content=\"index, follow, max-snippet:-1, max-image-preview:large, max-video-preview:-1\" \/>\n<link rel=\"canonical\" href=\"https:\/\/a-vi-molin.be\/en\/history\/\" \/>\n<meta property=\"og:locale\" content=\"en_US\" \/>\n<meta property=\"og:type\" content=\"article\" \/>\n<meta property=\"og:title\" content=\"Histoire | Chambres d&#039;h\u00f4te \u00c0 v\u00ef Molin\" \/>\n<meta property=\"og:description\" content=\"D\u00e9couvrez l&#039;histoire de notre logement A vi Molin en r\u00e9gion \u00e0 Spa-Francorchamps.\" \/>\n<meta property=\"og:url\" content=\"https:\/\/a-vi-molin.be\/en\/history\/\" \/>\n<meta property=\"og:site_name\" content=\"A Vi Molin\" \/>\n<meta property=\"article:modified_time\" content=\"2023-01-04T11:58:33+00:00\" \/>\n<meta name=\"twitter:label1\" content=\"Est. reading time\" \/>\n\t<meta name=\"twitter:data1\" content=\"6 minutes\" \/>\n<script type=\"application\/ld+json\" class=\"yoast-schema-graph\">{\"@context\":\"https:\/\/schema.org\",\"@graph\":[{\"@type\":\"WebPage\",\"@id\":\"https:\/\/a-vi-molin.be\/fr\/histoire\/\",\"url\":\"https:\/\/a-vi-molin.be\/fr\/histoire\/\",\"name\":\"Histoire | Chambres d'h\u00f4te \u00c0 v\u00ef Molin\",\"isPartOf\":{\"@id\":\"https:\/\/a-vi-molin.be\/#website\"},\"primaryImageOfPage\":{\"@id\":\"https:\/\/a-vi-molin.be\/fr\/histoire\/#primaryimage\"},\"image\":{\"@id\":\"https:\/\/a-vi-molin.be\/fr\/histoire\/#primaryimage\"},\"thumbnailUrl\":\"https:\/\/a-vi-molin.be\/wp-content\/uploads\/2021\/07\/Screenshot-2021-07-02-at-12.46.48-1024x561.png\",\"datePublished\":\"2021-06-23T10:39:22+00:00\",\"dateModified\":\"2023-01-04T11:58:33+00:00\",\"description\":\"D\u00e9couvrez l'histoire de notre logement \u00c0 v\u00ef Molin en r\u00e9gion \u00e0 Spa-Francorchamps.\",\"breadcrumb\":{\"@id\":\"https:\/\/a-vi-molin.be\/fr\/histoire\/#breadcrumb\"},\"inLanguage\":\"en-US\",\"potentialAction\":[{\"@type\":\"ReadAction\",\"target\":[\"https:\/\/a-vi-molin.be\/fr\/histoire\/\"]}]},{\"@type\":\"ImageObject\",\"inLanguage\":\"en-US\",\"@id\":\"https:\/\/a-vi-molin.be\/fr\/histoire\/#primaryimage\",\"url\":\"https:\/\/a-vi-molin.be\/wp-content\/uploads\/2021\/07\/Screenshot-2021-07-02-at-12.46.48-1024x561.png\",\"contentUrl\":\"https:\/\/a-vi-molin.be\/wp-content\/uploads\/2021\/07\/Screenshot-2021-07-02-at-12.46.48-1024x561.png\"},{\"@type\":\"BreadcrumbList\",\"@id\":\"https:\/\/a-vi-molin.be\/fr\/histoire\/#breadcrumb\",\"itemListElement\":[{\"@type\":\"ListItem\",\"position\":1,\"name\":\"Accueil\",\"item\":\"https:\/\/a-vi-molin.be\/fr\/\"},{\"@type\":\"ListItem\",\"position\":2,\"name\":\"Histoire\"}]},{\"@type\":\"WebSite\",\"@id\":\"https:\/\/a-vi-molin.be\/#website\",\"url\":\"https:\/\/a-vi-molin.be\/\",\"name\":\"A Vi Molin\",\"description\":\"Airbnb \u00e0 Stavelot \/ Spa-Francorchamps\",\"potentialAction\":[{\"@type\":\"SearchAction\",\"target\":{\"@type\":\"EntryPoint\",\"urlTemplate\":\"https:\/\/a-vi-molin.be\/?s={search_term_string}\"},\"query-input\":{\"@type\":\"PropertyValueSpecification\",\"valueRequired\":true,\"valueName\":\"search_term_string\"}}],\"inLanguage\":\"en-US\"}]}<\/script>\n<!-- \/ Yoast SEO plugin. -->","yoast_head_json":{"title":"Histoire | Chambres d'h\u00f4te \u00c0 v\u00ef Molin","description":"D\u00e9couvrez l'histoire de notre logement \u00c0 v\u00ef Molin en r\u00e9gion \u00e0 Spa-Francorchamps.","robots":{"index":"index","follow":"follow","max-snippet":"max-snippet:-1","max-image-preview":"max-image-preview:large","max-video-preview":"max-video-preview:-1"},"canonical":"https:\/\/a-vi-molin.be\/en\/history\/","og_locale":"en_US","og_type":"article","og_title":"Histoire | Chambres d'h\u00f4te \u00c0 v\u00ef Molin","og_description":"D\u00e9couvrez l'histoire de notre logement A vi Molin en r\u00e9gion \u00e0 Spa-Francorchamps.","og_url":"https:\/\/a-vi-molin.be\/en\/history\/","og_site_name":"A Vi Molin","article_modified_time":"2023-01-04T11:58:33+00:00","twitter_misc":{"Est. reading time":"6 minutes"},"schema":{"@context":"https:\/\/schema.org","@graph":[{"@type":"WebPage","@id":"https:\/\/a-vi-molin.be\/fr\/histoire\/","url":"https:\/\/a-vi-molin.be\/fr\/histoire\/","name":"Histoire | Chambres d'h\u00f4te \u00c0 v\u00ef Molin","isPartOf":{"@id":"https:\/\/a-vi-molin.be\/#website"},"primaryImageOfPage":{"@id":"https:\/\/a-vi-molin.be\/fr\/histoire\/#primaryimage"},"image":{"@id":"https:\/\/a-vi-molin.be\/fr\/histoire\/#primaryimage"},"thumbnailUrl":"https:\/\/a-vi-molin.be\/wp-content\/uploads\/2021\/07\/Screenshot-2021-07-02-at-12.46.48-1024x561.png","datePublished":"2021-06-23T10:39:22+00:00","dateModified":"2023-01-04T11:58:33+00:00","description":"D\u00e9couvrez l'histoire de notre logement \u00c0 v\u00ef Molin en r\u00e9gion \u00e0 Spa-Francorchamps.","breadcrumb":{"@id":"https:\/\/a-vi-molin.be\/fr\/histoire\/#breadcrumb"},"inLanguage":"en-US","potentialAction":[{"@type":"ReadAction","target":["https:\/\/a-vi-molin.be\/fr\/histoire\/"]}]},{"@type":"ImageObject","inLanguage":"en-US","@id":"https:\/\/a-vi-molin.be\/fr\/histoire\/#primaryimage","url":"https:\/\/a-vi-molin.be\/wp-content\/uploads\/2021\/07\/Screenshot-2021-07-02-at-12.46.48-1024x561.png","contentUrl":"https:\/\/a-vi-molin.be\/wp-content\/uploads\/2021\/07\/Screenshot-2021-07-02-at-12.46.48-1024x561.png"},{"@type":"BreadcrumbList","@id":"https:\/\/a-vi-molin.be\/fr\/histoire\/#breadcrumb","itemListElement":[{"@type":"ListItem","position":1,"name":"Accueil","item":"https:\/\/a-vi-molin.be\/fr\/"},{"@type":"ListItem","position":2,"name":"Histoire"}]},{"@type":"WebSite","@id":"https:\/\/a-vi-molin.be\/#website","url":"https:\/\/a-vi-molin.be\/","name":"A Vi Molin","description":"Airbnb \u00e0 Stavelot \/ Spa-Francorchamps","potentialAction":[{"@type":"SearchAction","target":{"@type":"EntryPoint","urlTemplate":"https:\/\/a-vi-molin.be\/?s={search_term_string}"},"query-input":{"@type":"PropertyValueSpecification","valueRequired":true,"valueName":"search_term_string"}}],"inLanguage":"en-US"}]}},"_links":{"self":[{"href":"https:\/\/a-vi-molin.be\/en\/wp-json\/wp\/v2\/pages\/2992","targetHints":{"allow":["GET"]}}],"collection":[{"href":"https:\/\/a-vi-molin.be\/en\/wp-json\/wp\/v2\/pages"}],"about":[{"href":"https:\/\/a-vi-molin.be\/en\/wp-json\/wp\/v2\/types\/page"}],"author":[{"embeddable":true,"href":"https:\/\/a-vi-molin.be\/en\/wp-json\/wp\/v2\/users\/2"}],"replies":[{"embeddable":true,"href":"https:\/\/a-vi-molin.be\/en\/wp-json\/wp\/v2\/comments?post=2992"}],"version-history":[{"count":3,"href":"https:\/\/a-vi-molin.be\/en\/wp-json\/wp\/v2\/pages\/2992\/revisions"}],"predecessor-version":[{"id":3773,"href":"https:\/\/a-vi-molin.be\/en\/wp-json\/wp\/v2\/pages\/2992\/revisions\/3773"}],"wp:attachment":[{"href":"https:\/\/a-vi-molin.be\/en\/wp-json\/wp\/v2\/media?parent=2992"}],"curies":[{"name":"wp","href":"https:\/\/api.w.org\/{rel}","templated":true}]}}