{"id":3704,"date":"2022-12-12T14:33:24","date_gmt":"2022-12-12T13:33:24","guid":{"rendered":"https:\/\/a-vi-molin.be\/?page_id=3704"},"modified":"2023-01-02T14:56:33","modified_gmt":"2023-01-02T13:56:33","slug":"bon-cadeau-a-vi-molin","status":"publish","type":"page","link":"https:\/\/a-vi-molin.be\/de\/geschenkgutschein-a-vi-molin\/","title":{"rendered":"A Vi Molin Gutschein"},"content":{"rendered":"<div data-elementor-type=\"wp-post\" data-elementor-id=\"3704\" class=\"elementor elementor-3704\" data-elementor-post-type=\"page\">\n\t\t\t\t\t\t<section class=\"elementor-section elementor-top-section elementor-element elementor-element-7a6c9799 elementor-section-stretched elementor-section-boxed elementor-section-height-default elementor-section-height-default\" data-id=\"7a6c9799\" data-element_type=\"section\" data-settings=\"{&quot;stretch_section&quot;:&quot;section-stretched&quot;}\">\n\t\t\t\t\t\t<div class=\"elementor-container elementor-column-gap-default\">\n\t\t\t\t\t<div class=\"elementor-column elementor-col-100 elementor-top-column elementor-element elementor-element-64ec57c8\" data-id=\"64ec57c8\" data-element_type=\"column\">\n\t\t\t<div class=\"elementor-widget-wrap elementor-element-populated\">\n\t\t\t\t\t\t<section class=\"elementor-section elementor-inner-section elementor-element elementor-element-35b15b3f elementor-section-boxed elementor-section-height-default elementor-section-height-default\" data-id=\"35b15b3f\" data-element_type=\"section\">\n\t\t\t\t\t\t<div class=\"elementor-container elementor-column-gap-default\">\n\t\t\t\t\t<div class=\"elementor-column elementor-col-100 elementor-inner-column elementor-element elementor-element-27e7a937\" data-id=\"27e7a937\" data-element_type=\"column\">\n\t\t\t<div class=\"elementor-widget-wrap elementor-element-populated\">\n\t\t\t\t\t\t<div class=\"elementor-element elementor-element-424a983c elementor-invisible elementor-widget elementor-widget-heading\" data-id=\"424a983c\" data-element_type=\"widget\" data-settings=\"{&quot;_animation&quot;:&quot;fadeInUp&quot;}\" data-widget_type=\"heading.default\">\n\t\t\t\t<div class=\"elementor-widget-container\">\n\t\t\t\t\t<h1 class=\"elementor-heading-title elementor-size-default\">A Vi Molin Gutschein<\/h1>\t\t\t\t<\/div>\n\t\t\t\t<\/div>\n\t\t\t\t<div class=\"elementor-element elementor-element-5224d348 elementor-invisible elementor-widget elementor-widget-heading\" data-id=\"5224d348\" data-element_type=\"widget\" data-settings=\"{&quot;_animation&quot;:&quot;fadeInUp&quot;}\" data-widget_type=\"heading.default\">\n\t\t\t\t<div class=\"elementor-widget-container\">\n\t\t\t\t\t<span class=\"elementor-heading-title elementor-size-default\">Die Natur ist nur einen Klick weit entfernt.<\/span>\t\t\t\t<\/div>\n\t\t\t\t<\/div>\n\t\t\t\t<div class=\"elementor-element elementor-element-69473bd elementor-widget-divider--view-line_icon elementor-view-default elementor-widget-divider--element-align-center elementor-invisible elementor-widget elementor-widget-divider\" data-id=\"69473bd\" data-element_type=\"widget\" data-settings=\"{&quot;_animation&quot;:&quot;fadeInUp&quot;}\" data-widget_type=\"divider.default\">\n\t\t\t\t<div class=\"elementor-widget-container\">\n\t\t\t\t\t\t\t<div class=\"elementor-divider\">\n\t\t\t<span class=\"elementor-divider-separator\">\n\t\t\t\t\t\t\t<div class=\"elementor-icon elementor-divider__element\">\n\t\t\t\t\t<i aria-hidden=\"true\" class=\"fas fa-leaf\"><\/i><\/div>\n\t\t\t\t\t\t<\/span>\n\t\t<\/div>\n\t\t\t\t\t\t<\/div>\n\t\t\t\t<\/div>\n\t\t\t\t\t<\/div>\n\t\t<\/div>\n\t\t\t\t\t<\/div>\n\t\t<\/section>\n\t\t\t\t\t<\/div>\n\t\t<\/div>\n\t\t\t\t\t<\/div>\n\t\t<\/section>\n\t\t\t\t<section class=\"elementor-section elementor-top-section elementor-element elementor-element-8de8799 elementor-section-stretched elementor-section-full_width elementor-section-height-default elementor-section-height-default\" data-id=\"8de8799\" data-element_type=\"section\" data-settings=\"{&quot;stretch_section&quot;:&quot;section-stretched&quot;,&quot;background_background&quot;:&quot;classic&quot;}\">\n\t\t\t\t\t\t\t<div class=\"elementor-background-overlay\"><\/div>\n\t\t\t\t\t\t\t<div class=\"elementor-container elementor-column-gap-default\">\n\t\t\t\t\t<div class=\"elementor-column elementor-col-100 elementor-top-column elementor-element elementor-element-1af42d0a\" data-id=\"1af42d0a\" data-element_type=\"column\">\n\t\t\t<div class=\"elementor-widget-wrap elementor-element-populated\">\n\t\t\t\t\t\t<section class=\"elementor-section elementor-inner-section elementor-element elementor-element-067c4c7 elementor-section-boxed elementor-section-height-default elementor-section-height-default\" data-id=\"067c4c7\" data-element_type=\"section\">\n\t\t\t\t\t\t<div class=\"elementor-container elementor-column-gap-default\">\n\t\t\t\t\t<div class=\"elementor-column elementor-col-100 elementor-inner-column elementor-element elementor-element-422a14b\" data-id=\"422a14b\" data-element_type=\"column\">\n\t\t\t<div class=\"elementor-widget-wrap elementor-element-populated\">\n\t\t\t\t\t\t<div class=\"elementor-element elementor-element-0064eec elementor-widget elementor-widget-heading\" data-id=\"0064eec\" data-element_type=\"widget\" data-widget_type=\"heading.default\">\n\t\t\t\t<div class=\"elementor-widget-container\">\n\t\t\t\t\t<h3 class=\"elementor-heading-title elementor-size-default\">Unsere personalisierten Geschenkgutscheine von \u00c2 Vi Molin\" \n<\/h3>\t\t\t\t<\/div>\n\t\t\t\t<\/div>\n\t\t\t\t<div class=\"elementor-element elementor-element-37ea6ba elementor-widget elementor-widget-text-editor\" data-id=\"37ea6ba\" data-element_type=\"widget\" data-widget_type=\"text-editor.default\">\n\t\t\t\t<div class=\"elementor-widget-container\">\n\t\t\t\t\t\t\t\t\tM\u00f6chten Sie jemandem eine Freude machen oder einfach nur etwas f\u00fcr sich selbst tun? Entdecken Sie unseren Geschenkgutschein von \u00c2 Vi Molin, das ideale Geschenk zu jedem Anlass! Bieten Sie Ihren Lieben Auszeiten f\u00fcr zeitlose Momente in unserem angenehmen G\u00e4stehaus von \u00c2 Vi Molin.\t\t\t\t\t\t\t\t<\/div>\n\t\t\t\t<\/div>\n\t\t\t\t\t<\/div>\n\t\t<\/div>\n\t\t\t\t\t<\/div>\n\t\t<\/section>\n\t\t\t\t<section class=\"elementor-section elementor-inner-section elementor-element elementor-element-438cda9b elementor-section-boxed elementor-section-height-default elementor-section-height-default\" data-id=\"438cda9b\" data-element_type=\"section\">\n\t\t\t\t\t\t<div class=\"elementor-container elementor-column-gap-default\">\n\t\t\t\t\t<div class=\"elementor-column elementor-col-50 elementor-inner-column elementor-element elementor-element-9a44e00\" data-id=\"9a44e00\" data-element_type=\"column\" data-settings=\"{&quot;background_background&quot;:&quot;classic&quot;}\">\n\t\t\t<div class=\"elementor-widget-wrap elementor-element-populated\">\n\t\t\t\t\t\t<div class=\"elementor-element elementor-element-d292f94 elementor-widget elementor-widget-image\" data-id=\"d292f94\" data-element_type=\"widget\" data-widget_type=\"image.default\">\n\t\t\t\t<div class=\"elementor-widget-container\">\n\t\t\t\t\t\t\t\t\t\t\t\t\t\t\t<img fetchpriority=\"high\" decoding=\"async\" width=\"600\" height=\"800\" src=\"https:\/\/a-vi-molin.be\/wp-content\/uploads\/2022\/12\/Bon-cadeau-A-vi-molin.webp\" class=\"attachment-large size-large wp-image-3706\" alt=\"A Vi Molin Gutschein\" srcset=\"https:\/\/a-vi-molin.be\/wp-content\/uploads\/2022\/12\/Bon-cadeau-A-vi-molin.webp 600w, https:\/\/a-vi-molin.be\/wp-content\/uploads\/2022\/12\/Bon-cadeau-A-vi-molin-225x300.webp 225w\" sizes=\"(max-width: 600px) 100vw, 600px\" \/>\t\t\t\t\t\t\t\t\t\t\t\t\t\t\t<\/div>\n\t\t\t\t<\/div>\n\t\t\t\t\t<\/div>\n\t\t<\/div>\n\t\t\t\t<div class=\"elementor-column elementor-col-50 elementor-inner-column elementor-element elementor-element-62f8a18\" data-id=\"62f8a18\" data-element_type=\"column\" data-settings=\"{&quot;background_background&quot;:&quot;classic&quot;}\">\n\t\t\t<div class=\"elementor-widget-wrap elementor-element-populated\">\n\t\t\t\t\t\t<div class=\"elementor-element elementor-element-6579b85 elementor-widget elementor-widget-heading\" data-id=\"6579b85\" data-element_type=\"widget\" data-widget_type=\"heading.default\">\n\t\t\t\t<div class=\"elementor-widget-container\">\n\t\t\t\t\t<h4 class=\"elementor-heading-title elementor-size-default\">Buchungsformula<\/h4>\t\t\t\t<\/div>\n\t\t\t\t<\/div>\n\t\t\t\t<div class=\"elementor-element elementor-element-57d351d elementor-widget elementor-widget-text-editor\" data-id=\"57d351d\" data-element_type=\"widget\" data-widget_type=\"text-editor.default\">\n\t\t\t\t<div class=\"elementor-widget-container\">\n\t\t\t\t\t\t\t\t\tBuchen Sie Ihren Geschenkgutschein bequem \u00fcber unser untenstehendes Buchungsformular. Geben Sie alle erforderlichen Informationen des Empf\u00e4ngers sowie den gew\u00fcnschten Betrag und die auf Ihrem Geschenkgutschein zu schreibende Nachricht an. Vergessen Sie nicht, Ihre Postadresse anzugeben, damit unser Team von \u00c2 Vi Molin Ihnen den vollst\u00e4ndig ausgef\u00fcllten Gutschein zusenden kann.\t\t\t\t\t\t\t\t<\/div>\n\t\t\t\t<\/div>\n\t\t\t\t<div class=\"elementor-element elementor-element-60f22fd elementor-button-align-stretch elementor-widget elementor-widget-form\" data-id=\"60f22fd\" data-element_type=\"widget\" data-settings=\"{&quot;step_next_label&quot;:&quot;Next&quot;,&quot;step_previous_label&quot;:&quot;Previous&quot;,&quot;button_width&quot;:&quot;100&quot;,&quot;step_type&quot;:&quot;number_text&quot;,&quot;step_icon_shape&quot;:&quot;circle&quot;}\" data-widget_type=\"form.default\">\n\t\t\t\t<div class=\"elementor-widget-container\">\n\t\t\t\t\t\t\t<form class=\"elementor-form\" method=\"post\" name=\"New Form\" aria-label=\"New Form\">\n\t\t\t<input type=\"hidden\" name=\"post_id\" value=\"3704\"\/>\n\t\t\t<input type=\"hidden\" name=\"form_id\" value=\"60f22fd\"\/>\n\t\t\t<input type=\"hidden\" name=\"referer_title\" value=\"A Vi Molin\" \/>\n\n\t\t\t\n\t\t\t<div class=\"elementor-form-fields-wrapper elementor-labels-\">\n\t\t\t\t\t\t\t\t<div class=\"elementor-field-type-text elementor-field-group elementor-column elementor-field-group-name elementor-col-50 elementor-field-required\">\n\t\t\t\t\t\t\t\t\t\t\t\t<label for=\"form-field-name\" class=\"elementor-field-label elementor-screen-only\">\n\t\t\t\t\t\t\t\tName\t\t\t\t\t\t\t<\/label>\n\t\t\t\t\t\t\t\t\t\t\t\t\t\t<input size=\"1\" type=\"text\" name=\"form_fields[name]\" id=\"form-field-name\" class=\"elementor-field elementor-size-sm  elementor-field-textual\" placeholder=\"Name\" required=\"required\">\n\t\t\t\t\t\t\t\t\t\t\t<\/div>\n\t\t\t\t\t\t\t\t<div class=\"elementor-field-type-text elementor-field-group elementor-column elementor-field-group-field_a5c8abf elementor-col-50 elementor-field-required\">\n\t\t\t\t\t\t\t\t\t\t\t\t<label for=\"form-field-field_a5c8abf\" class=\"elementor-field-label elementor-screen-only\">\n\t\t\t\t\t\t\t\tVorname\t\t\t\t\t\t\t<\/label>\n\t\t\t\t\t\t\t\t\t\t\t\t\t\t<input size=\"1\" type=\"text\" name=\"form_fields[field_a5c8abf]\" id=\"form-field-field_a5c8abf\" class=\"elementor-field elementor-size-sm  elementor-field-textual\" placeholder=\"Vorname\" required=\"required\">\n\t\t\t\t\t\t\t\t\t\t\t<\/div>\n\t\t\t\t\t\t\t\t<div class=\"elementor-field-type-tel elementor-field-group elementor-column elementor-field-group-field_ccd1a96 elementor-col-50 elementor-field-required\">\n\t\t\t\t\t\t\t\t\t\t\t\t<label for=\"form-field-field_ccd1a96\" class=\"elementor-field-label elementor-screen-only\">\n\t\t\t\t\t\t\t\tTel\t\t\t\t\t\t\t<\/label>\n\t\t\t\t\t\t\t\t<input size=\"1\" type=\"tel\" name=\"form_fields[field_ccd1a96]\" id=\"form-field-field_ccd1a96\" class=\"elementor-field elementor-size-sm  elementor-field-textual\" placeholder=\"Telefon\" required=\"required\" pattern=\"[0-9()#&amp;+*-=.]+\" title=\"Nur Nummern oder Telefon-Zeichen (#, -, *, etc) werden akzeptiert.\">\n\n\t\t\t\t\t\t<\/div>\n\t\t\t\t\t\t\t\t<div class=\"elementor-field-type-email elementor-field-group elementor-column elementor-field-group-email elementor-col-50 elementor-field-required\">\n\t\t\t\t\t\t\t\t\t\t\t\t<label for=\"form-field-email\" class=\"elementor-field-label elementor-screen-only\">\n\t\t\t\t\t\t\t\tEmail\t\t\t\t\t\t\t<\/label>\n\t\t\t\t\t\t\t\t\t\t\t\t\t\t<input size=\"1\" type=\"email\" name=\"form_fields[email]\" id=\"form-field-email\" class=\"elementor-field elementor-size-sm  elementor-field-textual\" placeholder=\"Email\" required=\"required\">\n\t\t\t\t\t\t\t\t\t\t\t<\/div>\n\t\t\t\t\t\t\t\t<div class=\"elementor-field-type-number elementor-field-group elementor-column elementor-field-group-field_c7cc6f1 elementor-col-100 elementor-field-required\">\n\t\t\t\t\t\t\t\t\t\t\t\t<label for=\"form-field-field_c7cc6f1\" class=\"elementor-field-label elementor-screen-only\">\n\t\t\t\t\t\t\t\tSteigend \t\t\t\t\t\t\t<\/label>\n\t\t\t\t\t\t\t\t\t<input type=\"number\" name=\"form_fields[field_c7cc6f1]\" id=\"form-field-field_c7cc6f1\" class=\"elementor-field elementor-size-sm  elementor-field-textual\" placeholder=\"Steigend \" required=\"required\" min=\"\" max=\"\" >\n\t\t\t\t\t\t<\/div>\n\t\t\t\t\t\t\t\t<div class=\"elementor-field-type-text elementor-field-group elementor-column elementor-field-group-field_05efc06 elementor-col-100 elementor-field-required\">\n\t\t\t\t\t\t\t\t\t\t\t\t<label for=\"form-field-field_05efc06\" class=\"elementor-field-label elementor-screen-only\">\n\t\t\t\t\t\t\t\tNom de la personne \t\t\t\t\t\t\t<\/label>\n\t\t\t\t\t\t\t\t\t\t\t\t\t\t<input size=\"1\" type=\"text\" name=\"form_fields[field_05efc06]\" id=\"form-field-field_05efc06\" class=\"elementor-field elementor-size-sm  elementor-field-textual\" placeholder=\"Nom de la personne qui recevra le cadeau:\" required=\"required\">\n\t\t\t\t\t\t\t\t\t\t\t<\/div>\n\t\t\t\t\t\t\t\t<div class=\"elementor-field-type-textarea elementor-field-group elementor-column elementor-field-group-message elementor-col-100\">\n\t\t\t\t\t\t\t\t\t\t\t\t<label for=\"form-field-message\" class=\"elementor-field-label elementor-screen-only\">\n\t\t\t\t\t\t\t\tNachricht\t\t\t\t\t\t\t<\/label>\n\t\t\t\t\t\t<textarea class=\"elementor-field-textual elementor-field  elementor-size-sm\" name=\"form_fields[message]\" id=\"form-field-message\" rows=\"4\" placeholder=\"Nachricht, die auf dem Gutschein geschrieben werden soll:\"><\/textarea>\t\t\t\t<\/div>\n\t\t\t\t\t\t\t\t<div class=\"elementor-field-type-text elementor-field-group elementor-column elementor-field-group-field_6f85f22 elementor-col-100 elementor-field-required\">\n\t\t\t\t\t\t\t\t\t\t\t\t<label for=\"form-field-field_6f85f22\" class=\"elementor-field-label elementor-screen-only\">\n\t\t\t\t\t\t\t\tAdresse postale de l'exp\u00e9diteur (pour envoi du bon)\t\t\t\t\t\t\t<\/label>\n\t\t\t\t\t\t\t\t\t\t\t\t\t\t<input size=\"1\" type=\"text\" name=\"form_fields[field_6f85f22]\" id=\"form-field-field_6f85f22\" class=\"elementor-field elementor-size-sm  elementor-field-textual\" placeholder=\"Postanschrift des Absenders (f\u00fcr den Versand des Gutscheins)\" required=\"required\">\n\t\t\t\t\t\t\t\t\t\t\t<\/div>\n\t\t\t\t\t\t\t\t<div class=\"elementor-field-type-recaptcha_v3 elementor-field-group elementor-column elementor-field-group-field_efb7839 elementor-col-100 recaptcha_v3-bottomright\">\n\t\t\t\t\t<div class=\"elementor-field\" id=\"form-field-field_efb7839\"><div class=\"elementor-g-recaptcha\" data-sitekey=\"6Lf0AfEiAAAAAPp79TeTsW2PwT7ucj831dMnnCSx\" data-type=\"v3\" data-action=\"Form\" data-badge=\"bottomright\" data-size=\"invisible\"><\/div><\/div>\t\t\t\t<\/div>\n\t\t\t\t\t\t\t\t<div class=\"elementor-field-group elementor-column elementor-field-type-submit elementor-col-100 e-form__buttons\">\n\t\t\t\t\t<button class=\"elementor-button elementor-size-sm\" type=\"submit\">\n\t\t\t\t\t\t<span class=\"elementor-button-content-wrapper\">\n\t\t\t\t\t\t\t\t\t\t\t\t\t\t\t\t\t\t\t\t\t\t<span class=\"elementor-button-text\">Senden<\/span>\n\t\t\t\t\t\t\t\t\t\t\t\t\t<\/span>\n\t\t\t\t\t<\/button>\n\t\t\t\t<\/div>\n\t\t\t<\/div>\n\t\t<input type=\"hidden\" name=\"trp-form-language\" value=\"de\"\/><\/form>\n\t\t\t\t\t\t<\/div>\n\t\t\t\t<\/div>\n\t\t\t\t\t<\/div>\n\t\t<\/div>\n\t\t\t\t\t<\/div>\n\t\t<\/section>\n\t\t\t\t\t<\/div>\n\t\t<\/div>\n\t\t\t\t\t<\/div>\n\t\t<\/section>\n\t\t\t\t<\/div>","protected":false},"excerpt":{"rendered":"<p>Bon cadeau A Vi Molin La nature a port\u00e9e de clique. Nos bons cadeaux personnalis\u00e9s \u00c2 Vi Molin Envie de faire plaisir \u00e0 l\u2019un de vos proches ou vous faire plaisir tout simplement? D\u00e9couvrez notre bon cadeau A Vi Molin, le cadeau id\u00e9al \u00e0 offrir \u00e0 n\u2019importe quelle occasion! Offrez des moments d\u2019\u00e9vasion \u00e0 vos [&hellip;]<\/p>","protected":false},"author":1,"featured_media":3706,"parent":0,"menu_order":0,"comment_status":"closed","ping_status":"closed","template":"elementor_header_footer","meta":{"footnotes":""},"class_list":["post-3704","page","type-page","status-publish","has-post-thumbnail","hentry"],"yoast_head":"<!-- This site is optimized with the Yoast SEO plugin v25.4 - https:\/\/yoast.com\/wordpress\/plugins\/seo\/ -->\n<title>Bon cadeau A Vi Molin | D\u00e9couvrez nos bons cadeaux<\/title>\n<meta name=\"description\" content=\"Envie de faire plaisir \u00e0 l\u2019un de vos proches ou vous faire plaisir tout simplement? D\u00e9couvrez notre bon cadeau A Vi Molin.\" \/>\n<meta name=\"robots\" content=\"index, follow, max-snippet:-1, max-image-preview:large, max-video-preview:-1\" \/>\n<link rel=\"canonical\" href=\"https:\/\/a-vi-molin.be\/de\/geschenkgutschein-a-vi-molin\/\" \/>\n<meta property=\"og:locale\" content=\"de_DE\" \/>\n<meta property=\"og:type\" content=\"article\" \/>\n<meta property=\"og:title\" content=\"Nous contacter | 087\/27.02.04 - info@aquea.be | Duplex38 \u00e0 Li\u00e8ge\" \/>\n<meta property=\"og:description\" content=\"Duplex38 : Place march\u00e9, 73A \/ 4845 Sart-lez-spa Li\u00e8ge \/ 087\/27.02.04 - info@aquea.be \/ Notre \u00e9quipe se fera un plaisir de prendre contact avec vous.\" \/>\n<meta property=\"og:url\" content=\"https:\/\/a-vi-molin.be\/de\/geschenkgutschein-a-vi-molin\/\" \/>\n<meta property=\"og:site_name\" content=\"A Vi Molin\" \/>\n<meta property=\"article:modified_time\" content=\"2023-01-02T13:56:33+00:00\" \/>\n<meta name=\"twitter:label1\" content=\"Gesch\u00e4tzte Lesezeit\" \/>\n\t<meta name=\"twitter:data1\" content=\"1\u00a0Minute\" \/>\n<script type=\"application\/ld+json\" class=\"yoast-schema-graph\">{\"@context\":\"https:\/\/schema.org\",\"@graph\":[{\"@type\":\"WebPage\",\"@id\":\"https:\/\/a-vi-molin.be\/fr\/bon-cadeau-a-vi-molin\/\",\"url\":\"https:\/\/a-vi-molin.be\/fr\/bon-cadeau-a-vi-molin\/\",\"name\":\"Bon cadeau A Vi Molin | D\u00e9couvrez nos bons cadeaux\",\"isPartOf\":{\"@id\":\"https:\/\/a-vi-molin.be\/#website\"},\"primaryImageOfPage\":{\"@id\":\"https:\/\/a-vi-molin.be\/fr\/bon-cadeau-a-vi-molin\/#primaryimage\"},\"image\":{\"@id\":\"https:\/\/a-vi-molin.be\/fr\/bon-cadeau-a-vi-molin\/#primaryimage\"},\"thumbnailUrl\":\"https:\/\/a-vi-molin.be\/wp-content\/uploads\/2022\/12\/Bon-cadeau-A-vi-molin.webp\",\"datePublished\":\"2022-12-12T13:33:24+00:00\",\"dateModified\":\"2023-01-02T13:56:33+00:00\",\"description\":\"Envie de faire plaisir \u00e0 l\u2019un de vos proches ou vous faire plaisir tout simplement? D\u00e9couvrez notre bon cadeau A Vi Molin.\",\"breadcrumb\":{\"@id\":\"https:\/\/a-vi-molin.be\/fr\/bon-cadeau-a-vi-molin\/#breadcrumb\"},\"inLanguage\":\"de\",\"potentialAction\":[{\"@type\":\"ReadAction\",\"target\":[\"https:\/\/a-vi-molin.be\/fr\/bon-cadeau-a-vi-molin\/\"]}]},{\"@type\":\"ImageObject\",\"inLanguage\":\"de\",\"@id\":\"https:\/\/a-vi-molin.be\/fr\/bon-cadeau-a-vi-molin\/#primaryimage\",\"url\":\"https:\/\/a-vi-molin.be\/wp-content\/uploads\/2022\/12\/Bon-cadeau-A-vi-molin.webp\",\"contentUrl\":\"https:\/\/a-vi-molin.be\/wp-content\/uploads\/2022\/12\/Bon-cadeau-A-vi-molin.webp\",\"width\":600,\"height\":800,\"caption\":\"Bon cadeau A Vi Molin\"},{\"@type\":\"BreadcrumbList\",\"@id\":\"https:\/\/a-vi-molin.be\/fr\/bon-cadeau-a-vi-molin\/#breadcrumb\",\"itemListElement\":[{\"@type\":\"ListItem\",\"position\":1,\"name\":\"Accueil\",\"item\":\"https:\/\/a-vi-molin.be\/fr\/\"},{\"@type\":\"ListItem\",\"position\":2,\"name\":\"Bon cadeau A Vi Molin\"}]},{\"@type\":\"WebSite\",\"@id\":\"https:\/\/a-vi-molin.be\/#website\",\"url\":\"https:\/\/a-vi-molin.be\/\",\"name\":\"A Vi Molin\",\"description\":\"Airbnb \u00e0 Stavelot \/ Spa-Francorchamps\",\"potentialAction\":[{\"@type\":\"SearchAction\",\"target\":{\"@type\":\"EntryPoint\",\"urlTemplate\":\"https:\/\/a-vi-molin.be\/?s={search_term_string}\"},\"query-input\":{\"@type\":\"PropertyValueSpecification\",\"valueRequired\":true,\"valueName\":\"search_term_string\"}}],\"inLanguage\":\"de\"}]}<\/script>\n<!-- \/ Yoast SEO plugin. -->","yoast_head_json":{"title":"Bon cadeau A Vi Molin | D\u00e9couvrez nos bons cadeaux","description":"Envie de faire plaisir \u00e0 l\u2019un de vos proches ou vous faire plaisir tout simplement? D\u00e9couvrez notre bon cadeau A Vi Molin.","robots":{"index":"index","follow":"follow","max-snippet":"max-snippet:-1","max-image-preview":"max-image-preview:large","max-video-preview":"max-video-preview:-1"},"canonical":"https:\/\/a-vi-molin.be\/de\/geschenkgutschein-a-vi-molin\/","og_locale":"de_DE","og_type":"article","og_title":"Nous contacter | 087\/27.02.04 - info@aquea.be | Duplex38 \u00e0 Li\u00e8ge","og_description":"Duplex38 : Place march\u00e9, 73A \/ 4845 Sart-lez-spa Li\u00e8ge \/ 087\/27.02.04 - info@aquea.be \/ Notre \u00e9quipe se fera un plaisir de prendre contact avec vous.","og_url":"https:\/\/a-vi-molin.be\/de\/geschenkgutschein-a-vi-molin\/","og_site_name":"A Vi Molin","article_modified_time":"2023-01-02T13:56:33+00:00","twitter_misc":{"Gesch\u00e4tzte Lesezeit":"1\u00a0Minute"},"schema":{"@context":"https:\/\/schema.org","@graph":[{"@type":"WebPage","@id":"https:\/\/a-vi-molin.be\/fr\/bon-cadeau-a-vi-molin\/","url":"https:\/\/a-vi-molin.be\/fr\/bon-cadeau-a-vi-molin\/","name":"Bon cadeau A Vi Molin | D\u00e9couvrez nos bons cadeaux","isPartOf":{"@id":"https:\/\/a-vi-molin.be\/#website"},"primaryImageOfPage":{"@id":"https:\/\/a-vi-molin.be\/fr\/bon-cadeau-a-vi-molin\/#primaryimage"},"image":{"@id":"https:\/\/a-vi-molin.be\/fr\/bon-cadeau-a-vi-molin\/#primaryimage"},"thumbnailUrl":"https:\/\/a-vi-molin.be\/wp-content\/uploads\/2022\/12\/Bon-cadeau-A-vi-molin.webp","datePublished":"2022-12-12T13:33:24+00:00","dateModified":"2023-01-02T13:56:33+00:00","description":"Envie de faire plaisir \u00e0 l\u2019un de vos proches ou vous faire plaisir tout simplement? D\u00e9couvrez notre bon cadeau A Vi Molin.","breadcrumb":{"@id":"https:\/\/a-vi-molin.be\/fr\/bon-cadeau-a-vi-molin\/#breadcrumb"},"inLanguage":"de","potentialAction":[{"@type":"ReadAction","target":["https:\/\/a-vi-molin.be\/fr\/bon-cadeau-a-vi-molin\/"]}]},{"@type":"ImageObject","inLanguage":"de","@id":"https:\/\/a-vi-molin.be\/fr\/bon-cadeau-a-vi-molin\/#primaryimage","url":"https:\/\/a-vi-molin.be\/wp-content\/uploads\/2022\/12\/Bon-cadeau-A-vi-molin.webp","contentUrl":"https:\/\/a-vi-molin.be\/wp-content\/uploads\/2022\/12\/Bon-cadeau-A-vi-molin.webp","width":600,"height":800,"caption":"Bon cadeau A Vi Molin"},{"@type":"BreadcrumbList","@id":"https:\/\/a-vi-molin.be\/fr\/bon-cadeau-a-vi-molin\/#breadcrumb","itemListElement":[{"@type":"ListItem","position":1,"name":"Accueil","item":"https:\/\/a-vi-molin.be\/fr\/"},{"@type":"ListItem","position":2,"name":"Bon cadeau A Vi Molin"}]},{"@type":"WebSite","@id":"https:\/\/a-vi-molin.be\/#website","url":"https:\/\/a-vi-molin.be\/","name":"A Vi Molin","description":"Airbnb \u00e0 Stavelot \/ Spa-Francorchamps","potentialAction":[{"@type":"SearchAction","target":{"@type":"EntryPoint","urlTemplate":"https:\/\/a-vi-molin.be\/?s={search_term_string}"},"query-input":{"@type":"PropertyValueSpecification","valueRequired":true,"valueName":"search_term_string"}}],"inLanguage":"de"}]}},"_links":{"self":[{"href":"https:\/\/a-vi-molin.be\/de\/wp-json\/wp\/v2\/pages\/3704","targetHints":{"allow":["GET"]}}],"collection":[{"href":"https:\/\/a-vi-molin.be\/de\/wp-json\/wp\/v2\/pages"}],"about":[{"href":"https:\/\/a-vi-molin.be\/de\/wp-json\/wp\/v2\/types\/page"}],"author":[{"embeddable":true,"href":"https:\/\/a-vi-molin.be\/de\/wp-json\/wp\/v2\/users\/1"}],"replies":[{"embeddable":true,"href":"https:\/\/a-vi-molin.be\/de\/wp-json\/wp\/v2\/comments?post=3704"}],"version-history":[{"count":31,"href":"https:\/\/a-vi-molin.be\/de\/wp-json\/wp\/v2\/pages\/3704\/revisions"}],"predecessor-version":[{"id":3759,"href":"https:\/\/a-vi-molin.be\/de\/wp-json\/wp\/v2\/pages\/3704\/revisions\/3759"}],"wp:featuredmedia":[{"embeddable":true,"href":"https:\/\/a-vi-molin.be\/de\/wp-json\/wp\/v2\/media\/3706"}],"wp:attachment":[{"href":"https:\/\/a-vi-molin.be\/de\/wp-json\/wp\/v2\/media?parent=3704"}],"curies":[{"name":"wp","href":"https:\/\/api.w.org\/{rel}","templated":true}]}}